{"id":95,"date":"2018-01-09T05:52:42","date_gmt":"2018-01-09T05:52:42","guid":{"rendered":"https:\/\/demo.axlethemes.com\/education-mind-pro\/?page_id=95"},"modified":"2025-05-27T21:39:51","modified_gmt":"2025-05-27T21:39:51","slug":"our-mission-and-culture","status":"publish","type":"page","link":"https:\/\/cpacph.cl\/?page_id=95","title":{"rendered":"Nuestra Misi\u00f3n"},"content":{"rendered":"<p>Ser un puente de colaboraci\u00f3n entre las familias y el colegio, promoviendo el bienestar integral de nuestros hijos e hijas a trav\u00e9s del apoyo activo, el di\u00e1logo respetuoso y el compromiso con la comunidad educativa.<\/p>\n","protected":false},"excerpt":{"rendered":"<p>Ser un puente de colaboraci\u00f3n entre las familias y el colegio, promoviendo el bienestar integral de nuestros hijos e hijas a trav\u00e9s del apoyo activo, el di\u00e1logo respetuoso y el compromiso con la comunidad educativa.<\/p>\n","protected":false},"author":1,"featured_media":0,"parent":0,"menu_order":0,"comment_status":"closed","ping_status":"closed","template":"","meta":{"footnotes":""},"class_list":["post-95","page","type-page","status-publish","hentry"],"_links":{"self":[{"href":"https:\/\/cpacph.cl\/index.php?rest_route=\/wp\/v2\/pages\/95","targetHints":{"allow":["GET"]}}],"collection":[{"href":"https:\/\/cpacph.cl\/index.php?rest_route=\/wp\/v2\/pages"}],"about":[{"href":"https:\/\/cpacph.cl\/index.php?rest_route=\/wp\/v2\/types\/page"}],"author":[{"embeddable":true,"href":"https:\/\/cpacph.cl\/index.php?rest_route=\/wp\/v2\/users\/1"}],"replies":[{"embeddable":true,"href":"https:\/\/cpacph.cl\/index.php?rest_route=%2Fwp%2Fv2%2Fcomments&post=95"}],"version-history":[{"count":1,"href":"https:\/\/cpacph.cl\/index.php?rest_route=\/wp\/v2\/pages\/95\/revisions"}],"predecessor-version":[{"id":406,"href":"https:\/\/cpacph.cl\/index.php?rest_route=\/wp\/v2\/pages\/95\/revisions\/406"}],"wp:attachment":[{"href":"https:\/\/cpacph.cl\/index.php?rest_route=%2Fwp%2Fv2%2Fmedia&parent=95"}],"curies":[{"name":"wp","href":"https:\/\/api.w.org\/{rel}","templated":true}]}}